{"id":599,"date":"2018-10-29T12:13:45","date_gmt":"2018-10-29T11:13:45","guid":{"rendered":"http:\/\/localhost\/ballettanew\/?page_id=599"},"modified":"2018-10-29T12:13:45","modified_gmt":"2018-10-29T11:13:45","slug":"privacy-policy-invio-candidatura","status":"publish","type":"page","link":"https:\/\/www.gruppoballetta.it\/it\/privacy-policy-invio-candidatura\/","title":{"rendered":"Privacy Policy &#8211; Invio candidatura"},"content":{"rendered":"<h2><strong>Chi siamo<\/strong><\/h2>\n<p>Questa comunicazione Vi viene resa disponibile \u2013 ai sensi degli artt. 13 del Regolamento europeo 2016\/679 in materia di protezione dei dati personali (\u201cRegolamento\u201d o \u201cGDPR\u201d) e successive modifiche ed integrazioni e ai sensi dell\u2019art. 13 del D.lgs. 30\/06\/2003 n. 196 Codice in materia di protezione dei dati personali (\u201cCodice Privacy\u201d) \u2013 da<strong> Gruppo Balletta<\/strong> <strong>spa<\/strong>\u00a0con sede legale in Mariglianella (NA), via Palermo 1, in qualit\u00e0 di Titolare del trattamento dei Vostri dati personali.<\/p>\n<h2><strong>Categorie di dati trattati e finalit\u00e0<\/strong><\/h2>\n<p>I dati da Voi forniti saranno oggetto di trattamento mediante archiviazione sia manuale che automatizzata (in quest\u2019ultimo caso attraverso appositi strumenti informatici e telematici), esclusivamente allo scopo di effettuare una valutazione oggettiva e qualificata della Vostra candidatura, in funzione del ruolo per il quale \u00e8 in corso una procedura di selezione.<\/p>\n<p>I dati potranno essere trattati anche al termine della procedura di selezione per la quale sono stati conferiti, nell\u2019ambito di nuove procedure di selezione riguardanti ruoli o figure analoghe, fermo restando, in ogni caso, il termine di conservazione dei dati di cui al successivo punto 6.<\/p>\n<p>Si prega di non indicare dati sensibili (idonei a rivelare l\u2019origine razziale ed etnica, le convinzioni religiose, filosofiche o di altro genere, le opinioni politiche, l\u2019adesione ai partiti, sindacati, associazioni od organizzazioni a carattere religioso, filosofico, politico, sindacale, nonch\u00e9 i dati personali idonei a rivelare lo stato di salute e la vita sessuale). Eventuali dati sensibili indicati saranno immediatamente cancellati in mancanza di una dichiarazione da Voi scritta di consenso al trattamento da parte di Gruppo Balletta spa, previa presa visione della presente nota informativa.<\/p>\n<h2><strong>Fondamento giuridico del trattamento<\/strong><\/h2>\n<p>Gruppo Balletta spa non tratter\u00e0 i Vostri Dati Personali se non \u00e8 previsto o giustificato dalla legge per quella specifica finalit\u00e0. Per questo motivo, tratteremo i Vostri dati Personali solo se:<\/p>\n<ul>\n<li>Abbiamo ottenuto il Vostro consenso preliminare;<\/li>\n<li>Il trattamento \u00e8 necessario per adempiere a nostre obbligazioni nei Vostri confronti;<\/li>\n<li>Il trattamento \u00e8 necessario per adempiere ad obblighi di legge o regolamentari;<\/li>\n<li>Il trattamento \u00e8 necessario per proteggere Vostri interessi o diritti fondamentali o quelli di altre persone oppure<\/li>\n<li>Il trattamento \u00e8 necessario per perseguire nostri legittimi interessi e non lede in alcuna misura i Vostri interessi, i Vostri diritti fondamentali o la Vostra libert\u00e0. Laddove trattiamo i Vostri dati personali attraverso questo criterio, cerchiamo sempre di mantenere un bilanciamento fra i nostri legittimi interessi e la Vostra riservatezza.<\/li>\n<\/ul>\n<p>Ferma restando la volontariet\u00e0 del conferimento dei dati da parte Vostra, la mancata comunicazione dei dati comporter\u00e0 l\u2019impossibilit\u00e0, per Gruppo Balletta spa, di considerare la candidatura nell\u2019ambito di una procedura di selezione.<\/p>\n<h2><strong>Condivisione e trasferimento dei dati personali<\/strong><\/h2>\n<p>I dati raccolti da Gruppo Balletta spa verranno condivisi solo per le finalit\u00e0 di cui sopra; non condivideremo o trasferiremo i Vostri dati personali a terzi diversi da quelli indicati nella presente Informativa sulla privacy.<\/p>\n<p>Nel corso delle nostre attivit\u00e0 ed esclusivamente per gli stessi scopi di quelli elencati nella presente Informativa sulla privacy, i Vostri dati personali potranno essere trasferiti alle seguenti categorie di destinatari:<\/p>\n<ul>\n<li>Il personale dell\u2019azienda;<\/li>\n<li>Agenti o figure esterne che collaborano con l\u2019azienda;<\/li>\n<li>Fornitori di servizi (ad es. fornitori di libri paga, fornitori di sistemi IT, fornitori di servizi cloud, fornitori di database e consulenti);<\/li>\n<li>Pubbliche Amministrazioni per finalit\u00e0 di legge;<\/li>\n<li>Ogni soggetto pubblico e\/o privato a cui si renda necessaria la comunicazione dei Vostri dati personali in relazione allo svolgimento del Vostro rapporto di lavoro e limitatamente al tal fine.<\/li>\n<\/ul>\n<p>L\u2019elenco aggiornato dei Responsabili del trattamento \u00e8 disponibile presso la sede amministrativa del Titolare e sar\u00e0 fornito previa richiesta scritta.<\/p>\n<p>Gruppo Balletta spa potrebbe dover trasferire i Vostri dati personali a paesi situati al di fuori dell&#8217;Unione Europea\/Spazio Comune Europeo (EEA), verso i cosiddetti &#8220;paesi terzi&#8221;. Tali trasferimenti verso paesi terzi possono comprendere tutte le attivit\u00e0 di elaborazione di cui al suddetto capitolo 3.<\/p>\n<p>La presente Informativa sulla privacy \u00e8 applicabile anche nel caso di trasferimento di dati a paesi terzi in cui il livello di protezione dei dati sia diverso rispetto a quello dell\u2019Unione Europea: ogni trasferimento di dati personali a terzi sar\u00e0 effettuato solo dopo averVi informato e, ove richiesto, dopo aver ricevuto il Vostro consenso. Ogni trasferimento di dati verso paesi diversi da quelli per cui la Commissione Europea abbia preso una decisione di adeguatezza avviene sulla base di accordi che utilizzano clausole contrattuali standard adottate dalla Commissione Europea o altre garanzie adeguate nel rispetto delle leggi vigenti.<\/p>\n<p>\u00c8 possibile richiedere ulteriori informazioni in relazione ai trasferimenti internazionali di dati personali e ottenere una copia della protezione adeguata messa in atto esercitando i propri diritti, come indicato nella Sezione 7 di seguito.<\/p>\n<h2><strong>Protezione dei dati personali<\/strong><\/h2>\n<p>Gruppo Balletta spa ha implementato moderne misure tecniche e organizzative per fornire un livello adeguato di sicurezza e riservatezza ai dati personali.<\/p>\n<p>Queste misure prendono in considerazione:<\/p>\n<ul>\n<li>Lo stato dell&#8217;arte della tecnologia;<\/li>\n<li>I costi della sua implementazione;<\/li>\n<li>La natura dei dati;<\/li>\n<li>Il rischio del trattamento.<\/li>\n<\/ul>\n<p>Lo scopo \u00e8 proteggerli da distruzione o alterazione accidentali o illecite, perdita accidentale, divulgazione o accessi non autorizzati e da altre forme di elaborazione illecite.<\/p>\n<p>Inoltre, quando gestisce i Vostri dati personali, Gruppo Balletta spa:<\/p>\n<ul>\n<li>Accoglie e tratta i dati personali che sono adeguati, pertinenti e non eccessivi, come richiesto per soddisfare le finalit\u00e0 di cui sopra e<\/li>\n<li>Assicura che tali dati personali rimangano aggiornati e accurati.<\/li>\n<\/ul>\n<h2><strong>Tempi di conservazione dei dati<\/strong><\/h2>\n<p>Fatto salvo il Vostro diritto a opporVi al trattamento dei dati personali e\/o a richiederne la cancellazione, Gruppo Balletta spa conserver\u00e0 i Vostri dati personali solo per il tempo necessario a conseguire lo scopo per cui sono stati raccolti o per soddisfare i requisiti legali o regolamentari.<\/p>\n<p>Il periodo di conservazione \u00e8 da intendersi 2 anni. Quando questo periodo scadr\u00e0, i Vostri dati personali verranno rimossi dai sistemi attivi di Gruppo Balletta spa.<\/p>\n<p>Quando questo periodo scadr\u00e0, i Vostri dati personali verranno rimossi dai sistemi attivi di Gruppo Balletta spa.<\/p>\n<h2><strong>I Vostri diritti di legge<\/strong><\/h2>\n<p>I diritti connessi ai dati personali che Gruppo Balletta spa tratta sono:<\/p>\n<table>\n<tbody>\n<tr>\n<td width=\"199\"><strong>Diritti<\/strong><\/td>\n<td width=\"368\"><strong>Descrizione<\/strong><\/td>\n<\/tr>\n<tr>\n<td width=\"199\"><strong>Diritto alla rettifica<\/strong><\/td>\n<td width=\"368\">Voi potete ottenere da parte di Gruppo Balletta spa la rettifica dei dati personali che Vi riguardano o da Voi comunicateci. Gruppo Balletta spa compie sforzi ragionevoli per fare s\u00ec che i dati personali in suo possesso siano precisi, completi, aggiornati e pertinenti, sulla base delle informazioni pi\u00f9 recenti a disposizione.<\/td>\n<\/tr>\n<tr>\n<td width=\"199\"><strong>Diritto alla limitazione<\/strong><\/td>\n<td width=\"368\">Voi potete ottenere una limitazione al trattamento dei Vostri dati personali qualora:<\/p>\n<ul>\n<li>Contestiate la precisione dei Vostri dati personali nel periodo in cui Gruppo Balletta spa deve verificarne l&#8217;accuratezza;<\/li>\n<li>Il trattamento sia illecito e richiedete una limitazione del trattamento o la cancellazione dei Vostri dati personali;<\/li>\n<li>Non sussista pi\u00f9, da parte di Gruppo Balletta spa, la necessit\u00e0 di mantenere i Vostri dati personali ma Voi ne abbiate bisogno per accertare, esercitare o difendere i Vostri diritti in sede giudiziaria oppure<\/li>\n<li>Vi opponiate al trattamento mentre Gruppo Balletta spa verifica se le sue motivazioni legittime prevalgano sulle Vostre.<\/li>\n<\/ul>\n<\/td>\n<\/tr>\n<tr>\n<td width=\"199\"><strong>Diritto all\u2019accesso<\/strong><\/td>\n<td width=\"368\">Voi potete chiedere a Gruppo Balletta spa informazioni sui dati personali conservati che Vi riguardano, incluse le informazioni su quali categorie di dati personali Gruppo Balletta spa possiede o controlla, a quale scopo vengano usati, dove sono stati raccolti (se non direttamente da Voi), e a chi siano stati eventualmente comunicati.<\/td>\n<\/tr>\n<tr>\n<td width=\"199\"><strong>Diritto alla portabilit\u00e0<\/strong><\/td>\n<td width=\"368\">In seguito alla Vostra richiesta, Gruppo Balletta spa trasferir\u00e0 i Vostri dati personali a un altro Titolare del trattamento, se tecnicamente possibile, a condizione che il trattamento sia basato sul Vostro consenso o sia necessario per l&#8217;esecuzione di un contratto.<\/td>\n<\/tr>\n<tr>\n<td width=\"199\"><strong>Diritto alla cancellazione<\/strong><\/p>\n<p><strong>A meno che il trattamento sia necessario in virt\u00f9 di obblighi di legge o al fine di costituire, esercitare o difendere un diritto in sede giudiziaria.<\/strong><\/p>\n<p><strong>\u00a0<\/strong><\/td>\n<td width=\"368\">Voi potrete ottenere da Gruppo Balletta spa la cancellazione dei Vostri dati personali qualora:<\/p>\n<ul>\n<li>I dati personali non siano pi\u00f9 necessari in relazione agli scopi per cui sono stati raccolti o altrimenti trattati;<\/li>\n<li>Voi abbiate diritto a opporVi a un ulteriore trattamento dei Vostri dati personali ed esercitate questo diritto alla opposizione<\/li>\n<li>I dati personali siano stati trattati in modo illecito.<\/li>\n<\/ul>\n<\/td>\n<\/tr>\n<tr>\n<td width=\"199\"><strong>Diritto alla opposizione<\/strong><\/td>\n<td width=\"368\">Voi potete opporVi in qualsiasi momento al trattamento dei Vostri dati personali, alla condizione che il trattamento non sia basato sul Vostro consenso ma sui legittimi interessi di Gruppo Balletta spa o di terzi. In tali ipotesi Gruppo Balletta spa non tratterr\u00e0 pi\u00f9 i Vostri dati personali a meno che sia possibile dimostrarVi i motivi cogenti e legittimi, un interesse prevalente al trattamento o all&#8217;accertamento, oppure l&#8217;esercizio o la difesa di un diritto in sede giudiziaria. Qualora Voi Vi opponiate al trattamento, specificate cortesemente se intendete cancellare i Vostri dati personali o limitarne il trattamento.<\/td>\n<\/tr>\n<tr>\n<td width=\"199\"><strong>Diritto di presentare un reclamo<\/strong><\/td>\n<td width=\"368\">In caso di supposta violazione della legge vigente in materia di privacy, Voi potrete presentare un reclamo presso le autorit\u00e0 competenti del Vostro paese o del luogo ove si sarebbe consumata la presunta violazione.<\/td>\n<\/tr>\n<\/tbody>\n<\/table>\n<h2><strong>Modifiche della presente informativa privacy<\/strong><\/h2>\n<p>Eventuali modifiche o integrazioni future al trattamento dei dati personali come descritto nella presente informativa sulla privacy verranno notificate in anticipo attraverso una notifica individuale, tramite i consueti canali di comunicazione utilizzati da Gruppo Balletta spa (ad esempio via e-mail o tramite la nostra intranet).<\/p>\n<h2><strong>Titolare del trattamento e Responsabile della Protezione dei Dati (RPD\/DPO)<\/strong><\/h2>\n<p>Per esercitare i diritti di cui all\u2019art. 7 del Codice privacy e agli artt. 15 ss. del Regolamento privacy, potrete rivolgerVi al Titolare del trattamento, Gruppo Balletta spa, con sede legale in Mariglianella (NA), via Palermo 1, e sede amministrativa in Casapulla (CE) Via Bari 9, Telefono 0823495158, Email privacy@gruppoballetta.it.<\/p>\n<p>I contatti del Responsabile di Gruppo della Protezione dei Dati personali sono i seguenti: email dpogruppoballetta@gruppoballetta.it.<\/p>\n","protected":false},"excerpt":{"rendered":"<p>Chi siamo Questa comunicazione Vi viene resa disponibile \u2013 ai sensi degli artt. 13 del Regolamento europeo 2016\/679 in materia di protezione dei dati personali (\u201cRegolamento\u201d o \u201cGDPR\u201d) e successive modifiche ed integrazioni e ai sensi dell\u2019art. 13 del D.lgs. 30\/06\/2003 n. 196 Codice in materia di protezione dei dati personali (\u201cCodice Privacy\u201d) \u2013 da [&hellip;]<\/p>\n","protected":false},"author":2,"featured_media":0,"parent":0,"menu_order":52,"comment_status":"closed","ping_status":"closed","template":"","meta":{"_acf_changed":false,"footnotes":""},"class_list":["post-599","page","type-page","status-publish","hentry"],"acf":[],"yoast_head":"<!-- This site is optimized with the Yoast SEO plugin v24.0 - https:\/\/yoast.com\/wordpress\/plugins\/seo\/ -->\n<title>Privacy Policy - Invio candidatura - Gruppo Balletta<\/title>\n<meta name=\"robots\" content=\"index, follow, max-snippet:-1, max-image-preview:large, max-video-preview:-1\" \/>\n<link rel=\"canonical\" href=\"https:\/\/www.gruppoballetta.it\/it\/privacy-policy-invio-candidatura\/\" \/>\n<meta property=\"og:locale\" content=\"it_IT\" \/>\n<meta property=\"og:type\" content=\"article\" \/>\n<meta property=\"og:title\" content=\"Privacy Policy - Invio candidatura - Gruppo Balletta\" \/>\n<meta property=\"og:description\" content=\"Chi siamo Questa comunicazione Vi viene resa disponibile \u2013 ai sensi degli artt. 13 del Regolamento europeo 2016\/679 in materia di protezione dei dati personali (\u201cRegolamento\u201d o \u201cGDPR\u201d) e successive modifiche ed integrazioni e ai sensi dell\u2019art. 13 del D.lgs. 30\/06\/2003 n. 196 Codice in materia di protezione dei dati personali (\u201cCodice Privacy\u201d) \u2013 da [&hellip;]\" \/>\n<meta property=\"og:url\" content=\"https:\/\/www.gruppoballetta.it\/it\/privacy-policy-invio-candidatura\/\" \/>\n<meta property=\"og:site_name\" content=\"Gruppo Balletta\" \/>\n<meta name=\"twitter:card\" content=\"summary_large_image\" \/>\n<meta name=\"twitter:label1\" content=\"Tempo di lettura stimato\" \/>\n\t<meta name=\"twitter:data1\" content=\"7 minuti\" \/>\n<script type=\"application\/ld+json\" class=\"yoast-schema-graph\">{\"@context\":\"https:\/\/schema.org\",\"@graph\":[{\"@type\":\"WebPage\",\"@id\":\"https:\/\/www.gruppoballetta.it\/it\/privacy-policy-invio-candidatura\/\",\"url\":\"https:\/\/www.gruppoballetta.it\/it\/privacy-policy-invio-candidatura\/\",\"name\":\"Privacy Policy - Invio candidatura - Gruppo Balletta\",\"isPartOf\":{\"@id\":\"https:\/\/www.gruppoballetta.it\/it\/#website\"},\"datePublished\":\"2018-10-29T11:13:45+00:00\",\"dateModified\":\"2018-10-29T11:13:45+00:00\",\"breadcrumb\":{\"@id\":\"https:\/\/www.gruppoballetta.it\/it\/privacy-policy-invio-candidatura\/#breadcrumb\"},\"inLanguage\":\"it-IT\",\"potentialAction\":[{\"@type\":\"ReadAction\",\"target\":[\"https:\/\/www.gruppoballetta.it\/it\/privacy-policy-invio-candidatura\/\"]}]},{\"@type\":\"BreadcrumbList\",\"@id\":\"https:\/\/www.gruppoballetta.it\/it\/privacy-policy-invio-candidatura\/#breadcrumb\",\"itemListElement\":[{\"@type\":\"ListItem\",\"position\":1,\"name\":\"Home\",\"item\":\"https:\/\/www.gruppoballetta.it\/it\/\"},{\"@type\":\"ListItem\",\"position\":2,\"name\":\"Privacy Policy &#8211; Invio candidatura\"}]},{\"@type\":\"WebSite\",\"@id\":\"https:\/\/www.gruppoballetta.it\/it\/#website\",\"url\":\"https:\/\/www.gruppoballetta.it\/it\/\",\"name\":\"Gruppo Balletta\",\"description\":\"\",\"potentialAction\":[{\"@type\":\"SearchAction\",\"target\":{\"@type\":\"EntryPoint\",\"urlTemplate\":\"https:\/\/www.gruppoballetta.it\/it\/?s={search_term_string}\"},\"query-input\":{\"@type\":\"PropertyValueSpecification\",\"valueRequired\":true,\"valueName\":\"search_term_string\"}}],\"inLanguage\":\"it-IT\"}]}<\/script>\n<!-- \/ Yoast SEO plugin. -->","yoast_head_json":{"title":"Privacy Policy - Invio candidatura - Gruppo Balletta","robots":{"index":"index","follow":"follow","max-snippet":"max-snippet:-1","max-image-preview":"max-image-preview:large","max-video-preview":"max-video-preview:-1"},"canonical":"https:\/\/www.gruppoballetta.it\/it\/privacy-policy-invio-candidatura\/","og_locale":"it_IT","og_type":"article","og_title":"Privacy Policy - Invio candidatura - Gruppo Balletta","og_description":"Chi siamo Questa comunicazione Vi viene resa disponibile \u2013 ai sensi degli artt. 13 del Regolamento europeo 2016\/679 in materia di protezione dei dati personali (\u201cRegolamento\u201d o \u201cGDPR\u201d) e successive modifiche ed integrazioni e ai sensi dell\u2019art. 13 del D.lgs. 30\/06\/2003 n. 196 Codice in materia di protezione dei dati personali (\u201cCodice Privacy\u201d) \u2013 da [&hellip;]","og_url":"https:\/\/www.gruppoballetta.it\/it\/privacy-policy-invio-candidatura\/","og_site_name":"Gruppo Balletta","twitter_card":"summary_large_image","twitter_misc":{"Tempo di lettura stimato":"7 minuti"},"schema":{"@context":"https:\/\/schema.org","@graph":[{"@type":"WebPage","@id":"https:\/\/www.gruppoballetta.it\/it\/privacy-policy-invio-candidatura\/","url":"https:\/\/www.gruppoballetta.it\/it\/privacy-policy-invio-candidatura\/","name":"Privacy Policy - Invio candidatura - Gruppo Balletta","isPartOf":{"@id":"https:\/\/www.gruppoballetta.it\/it\/#website"},"datePublished":"2018-10-29T11:13:45+00:00","dateModified":"2018-10-29T11:13:45+00:00","breadcrumb":{"@id":"https:\/\/www.gruppoballetta.it\/it\/privacy-policy-invio-candidatura\/#breadcrumb"},"inLanguage":"it-IT","potentialAction":[{"@type":"ReadAction","target":["https:\/\/www.gruppoballetta.it\/it\/privacy-policy-invio-candidatura\/"]}]},{"@type":"BreadcrumbList","@id":"https:\/\/www.gruppoballetta.it\/it\/privacy-policy-invio-candidatura\/#breadcrumb","itemListElement":[{"@type":"ListItem","position":1,"name":"Home","item":"https:\/\/www.gruppoballetta.it\/it\/"},{"@type":"ListItem","position":2,"name":"Privacy Policy &#8211; Invio candidatura"}]},{"@type":"WebSite","@id":"https:\/\/www.gruppoballetta.it\/it\/#website","url":"https:\/\/www.gruppoballetta.it\/it\/","name":"Gruppo Balletta","description":"","potentialAction":[{"@type":"SearchAction","target":{"@type":"EntryPoint","urlTemplate":"https:\/\/www.gruppoballetta.it\/it\/?s={search_term_string}"},"query-input":{"@type":"PropertyValueSpecification","valueRequired":true,"valueName":"search_term_string"}}],"inLanguage":"it-IT"}]}},"_links":{"self":[{"href":"https:\/\/www.gruppoballetta.it\/it\/wp-json\/wp\/v2\/pages\/599","targetHints":{"allow":["GET"]}}],"collection":[{"href":"https:\/\/www.gruppoballetta.it\/it\/wp-json\/wp\/v2\/pages"}],"about":[{"href":"https:\/\/www.gruppoballetta.it\/it\/wp-json\/wp\/v2\/types\/page"}],"author":[{"embeddable":true,"href":"https:\/\/www.gruppoballetta.it\/it\/wp-json\/wp\/v2\/users\/2"}],"replies":[{"embeddable":true,"href":"https:\/\/www.gruppoballetta.it\/it\/wp-json\/wp\/v2\/comments?post=599"}],"version-history":[{"count":0,"href":"https:\/\/www.gruppoballetta.it\/it\/wp-json\/wp\/v2\/pages\/599\/revisions"}],"wp:attachment":[{"href":"https:\/\/www.gruppoballetta.it\/it\/wp-json\/wp\/v2\/media?parent=599"}],"curies":[{"name":"wp","href":"https:\/\/api.w.org\/{rel}","templated":true}]}}